{"id":1328,"date":"2025-07-17T12:33:47","date_gmt":"2025-07-17T12:33:47","guid":{"rendered":"https:\/\/www.nabu-lampertheim.de\/?page_id=1328"},"modified":"2026-01-12T19:08:41","modified_gmt":"2026-01-12T19:08:41","slug":"aktuelles","status":"publish","type":"page","link":"https:\/\/www.nabu-lampertheim.de\/?page_id=1328","title":{"rendered":"Aktionen\/Projekte 2025\/2026"},"content":{"rendered":"\n<h5 class=\"wp-block-heading\">Spencer und seine Herde unterst\u00fctzen die Landschaftspflege an der Feuersteingrube \/ Oktober 2025<\/h5>\n\n\n\n<div class=\"wp-block-columns is-layout-flex wp-container-core-columns-is-layout-9d6595d7 wp-block-columns-is-layout-flex\">\n<div class=\"wp-block-column is-layout-flow wp-block-column-is-layout-flow\" style=\"flex-basis:100%\">\n<figure class=\"wp-block-image size-full is-resized\"><img loading=\"lazy\" decoding=\"async\" width=\"775\" height=\"591\" src=\"https:\/\/www.nabu-lampertheim.de\/wp-content\/uploads\/2025\/10\/Schafe-1a.jpg\" alt=\"\" class=\"wp-image-1404\" style=\"width:581px;height:auto\" srcset=\"https:\/\/www.nabu-lampertheim.de\/wp-content\/uploads\/2025\/10\/Schafe-1a.jpg 775w, https:\/\/www.nabu-lampertheim.de\/wp-content\/uploads\/2025\/10\/Schafe-1a-300x229.jpg 300w, https:\/\/www.nabu-lampertheim.de\/wp-content\/uploads\/2025\/10\/Schafe-1a-768x586.jpg 768w, https:\/\/www.nabu-lampertheim.de\/wp-content\/uploads\/2025\/10\/Schafe-1a-640x488.jpg 640w\" sizes=\"auto, (max-width: 775px) 100vw, 775px\" \/><figcaption class=\"wp-element-caption\"><em>Schafherde an der Feuersteingrube \/ Fotos: A. Hartkorn<\/em><\/figcaption><\/figure>\n<\/div>\n<\/div>\n\n\n\n<p>Seit Anfang Oktober sind an der Feuersteingrube sieben Schafe im Einsatz. Es handelt sich um eine robuste, alte Schafrasse. Angef\u00fchrt werden sie von ihrem Leitbock Spencer. Die kleine Herde bleibt etwa zwei bis drei Wochen vor Ort und hilft, das Gel\u00e4nde auf nat\u00fcrliche Weise zu pflegen.<\/p>\n\n\n\n<figure class=\"wp-block-image size-large is-resized is-style-rounded\"><img loading=\"lazy\" decoding=\"async\" width=\"1024\" height=\"498\" src=\"https:\/\/www.nabu-lampertheim.de\/wp-content\/uploads\/2025\/10\/20251004_120755-1-1024x498.jpg\" alt=\"\" class=\"wp-image-1410\" style=\"width:547px;height:auto\" srcset=\"https:\/\/www.nabu-lampertheim.de\/wp-content\/uploads\/2025\/10\/20251004_120755-1-1024x498.jpg 1024w, https:\/\/www.nabu-lampertheim.de\/wp-content\/uploads\/2025\/10\/20251004_120755-1-300x146.jpg 300w, https:\/\/www.nabu-lampertheim.de\/wp-content\/uploads\/2025\/10\/20251004_120755-1-768x373.jpg 768w, https:\/\/www.nabu-lampertheim.de\/wp-content\/uploads\/2025\/10\/20251004_120755-1-1536x747.jpg 1536w, https:\/\/www.nabu-lampertheim.de\/wp-content\/uploads\/2025\/10\/20251004_120755-1-2048x996.jpg 2048w, https:\/\/www.nabu-lampertheim.de\/wp-content\/uploads\/2025\/10\/20251004_120755-1-1800x875.jpg 1800w, https:\/\/www.nabu-lampertheim.de\/wp-content\/uploads\/2025\/10\/20251004_120755-1-640x311.jpg 640w\" sizes=\"auto, (max-width: 1024px) 100vw, 1024px\" \/><\/figure>\n\n\n\n<p>Da Sch\u00e4ferin Meike von au\u00dferhalb kommt und nur am Wochenende nach den Tieren sehen kann, hat sich eine engagierte <strong>\u201eWeidecrew\u201c<\/strong> gebildet. Die Mitglieder dieser Gruppe \u00fcbernehmen im Wechsel die t\u00e4gliche Kontrolle der Schafe und achten darauf, dass Zaun und Tiere in Ordnung sind. Zu Beginn gab es eine kurze Einf\u00fchrung durch die Sch\u00e4ferin, damit alle wissen, worauf zu achten ist.<\/p>\n\n\n\n<p>Schon kurz nach ihrer Ankunft haben sich Spencer und seine Herde gut eingelebt. Sie weiden Gr\u00e4ser und Kr\u00e4uter und knabbern auch an Robinienaufwuchs und junger Traubenkirsche \u2013 zwei Arten, die sich auf dem Gel\u00e4nde unerw\u00fcnscht ausbreiten.<\/p>\n\n\n\n<p>Parallel zur Beweidung fand eine <strong>Pflegeaktion<\/strong> rund um die beiden Teiche statt:<\/p>\n\n\n\n<ul class=\"wp-block-list\">\n<li>Schilf wurde am Ufer gem\u00e4ht,<\/li>\n\n\n\n<li>im Wasser wurde mit Wathosen das Schilf unterhalb der Oberfl\u00e4che zur\u00fcckgeschnitten \u2013 eine besonders wirkungsvolle Methode, um es nachhaltig einzud\u00e4mmen,<\/li>\n\n\n\n<li>au\u00dferdem begann die Entfernung der Sp\u00e4tbl\u00fchenden Traubenkirsche (Prunus serotina) auf einem Teilbereich.<\/li>\n<\/ul>\n\n\n\n<p>Ein herzliches Dankesch\u00f6n gilt der Sch\u00e4ferin Meike f\u00fcr die gute Zusammenarbeit sowie allen Mitgliedern der Weidecrew f\u00fcr ihren Einsatz bei Pflege und Kontrolle der Fl\u00e4che. Gemeinsam leisten sie einen wertvollen Beitrag zum Erhalt der Artenvielfalt an der Feuersteingrube. \ud83c\udf3f\ud83d\udc11<\/p>\n\n\n\n<hr class=\"wp-block-separator has-alpha-channel-opacity\"\/>\n\n\n\n<h4 class=\"wp-block-heading has-black-color has-text-color has-link-color wp-elements-f9b47d36c7141e7a93e830d31d2a294e\">NABU Lampertheim Malwettbewerb &#8222;Was lebt denn da im Baum?&#8220; f\u00fcr Kids von 4 bis 12 Jahren \/ Juni 2025<\/h4>\n\n\n\n<p>Die Preistr\u00e4ger des Malwettbewerbs Kita Europaring:<\/p>\n\n\n\n<p>Amelie, Liara, Tom (Kategorie 4 bis 6 Jahre); Betty, Maria, Marlene, Louis, Serval (Kategorie 7 bis 9 Jahre).<\/p>\n\n\n\n<div class=\"wp-block-columns is-layout-flex wp-container-core-columns-is-layout-9d6595d7 wp-block-columns-is-layout-flex\">\n<div class=\"wp-block-column is-vertically-aligned-bottom is-layout-flow wp-block-column-is-layout-flow\" style=\"flex-basis:90%\">\n<div class=\"wp-block-columns is-layout-flex wp-container-core-columns-is-layout-9d6595d7 wp-block-columns-is-layout-flex\">\n<div class=\"wp-block-column is-vertically-aligned-center is-layout-flow wp-block-column-is-layout-flow\" style=\"flex-basis:100%\">\n<div class=\"wp-block-columns is-layout-flex wp-container-core-columns-is-layout-9d6595d7 wp-block-columns-is-layout-flex\">\n<div class=\"wp-block-column is-vertically-aligned-center is-layout-flow wp-block-column-is-layout-flow\"><div class=\"wp-block-image\">\n<figure class=\"aligncenter size-full is-resized\"><img loading=\"lazy\" decoding=\"async\" width=\"539\" height=\"619\" src=\"https:\/\/www.nabu-lampertheim.de\/wp-content\/uploads\/2025\/07\/Malwettbewerb-Preistraeger-2025-2-1.jpg\" alt=\"\" class=\"wp-image-1289\" style=\"width:369px;height:auto\" srcset=\"https:\/\/www.nabu-lampertheim.de\/wp-content\/uploads\/2025\/07\/Malwettbewerb-Preistraeger-2025-2-1.jpg 539w, https:\/\/www.nabu-lampertheim.de\/wp-content\/uploads\/2025\/07\/Malwettbewerb-Preistraeger-2025-2-1-261x300.jpg 261w\" sizes=\"auto, (max-width: 539px) 100vw, 539px\" \/><figcaption class=\"wp-element-caption\">Liara, Tom, Amelie<\/figcaption><\/figure>\n<\/div><\/div>\n\n\n\n<div class=\"wp-block-column is-vertically-aligned-center is-layout-flow wp-block-column-is-layout-flow\"><div class=\"wp-block-image\">\n<figure class=\"aligncenter size-full is-resized\"><img loading=\"lazy\" decoding=\"async\" width=\"454\" height=\"563\" src=\"https:\/\/www.nabu-lampertheim.de\/wp-content\/uploads\/2025\/07\/Malwettbewerb-2b-2025.jpg\" alt=\"\" class=\"wp-image-1314\" style=\"width:326px;height:auto\" srcset=\"https:\/\/www.nabu-lampertheim.de\/wp-content\/uploads\/2025\/07\/Malwettbewerb-2b-2025.jpg 454w, https:\/\/www.nabu-lampertheim.de\/wp-content\/uploads\/2025\/07\/Malwettbewerb-2b-2025-242x300.jpg 242w\" sizes=\"auto, (max-width: 454px) 100vw, 454px\" \/><figcaption class=\"wp-element-caption\">Preisverleihung f\u00fcr Teilnehmer der Kita Europaring an der NABU Storchenstation<\/figcaption><\/figure>\n<\/div><\/div>\n<\/div>\n<\/div>\n<\/div>\n<\/div>\n<\/div>\n\n\n\n<p>Preisverleihung f\u00fcr Teilnehmer des Lernmobils Goetheschule:<\/p>\n\n\n\n<div class=\"wp-block-columns are-vertically-aligned-center is-layout-flex wp-container-core-columns-is-layout-9d6595d7 wp-block-columns-is-layout-flex\">\n<div class=\"wp-block-column is-vertically-aligned-center is-layout-flow wp-block-column-is-layout-flow\"><div class=\"wp-block-image\">\n<figure class=\"aligncenter size-full is-resized\"><img loading=\"lazy\" decoding=\"async\" width=\"425\" height=\"661\" src=\"https:\/\/www.nabu-lampertheim.de\/wp-content\/uploads\/2025\/07\/Bild-1-2.jpg\" alt=\"\" class=\"wp-image-1305\" style=\"width:219px;height:auto\" srcset=\"https:\/\/www.nabu-lampertheim.de\/wp-content\/uploads\/2025\/07\/Bild-1-2.jpg 425w, https:\/\/www.nabu-lampertheim.de\/wp-content\/uploads\/2025\/07\/Bild-1-2-193x300.jpg 193w, https:\/\/www.nabu-lampertheim.de\/wp-content\/uploads\/2025\/07\/Bild-1-2-411x640.jpg 411w\" sizes=\"auto, (max-width: 425px) 100vw, 425px\" \/><figcaption class=\"wp-element-caption\">Serval<\/figcaption><\/figure>\n<\/div><\/div>\n\n\n\n<div class=\"wp-block-column is-vertically-aligned-center is-layout-flow wp-block-column-is-layout-flow\"><div class=\"wp-block-image\">\n<figure class=\"aligncenter size-full\"><img loading=\"lazy\" decoding=\"async\" width=\"425\" height=\"531\" src=\"https:\/\/www.nabu-lampertheim.de\/wp-content\/uploads\/2025\/07\/Bild-2-2.jpg\" alt=\"\" class=\"wp-image-1306\" srcset=\"https:\/\/www.nabu-lampertheim.de\/wp-content\/uploads\/2025\/07\/Bild-2-2.jpg 425w, https:\/\/www.nabu-lampertheim.de\/wp-content\/uploads\/2025\/07\/Bild-2-2-240x300.jpg 240w\" sizes=\"auto, (max-width: 425px) 100vw, 425px\" \/><figcaption class=\"wp-element-caption\">Marlene<\/figcaption><\/figure>\n<\/div><\/div>\n\n\n\n<div class=\"wp-block-column is-vertically-aligned-center is-layout-flow wp-block-column-is-layout-flow\"><div class=\"wp-block-image\">\n<figure class=\"aligncenter size-full is-resized\"><img loading=\"lazy\" decoding=\"async\" width=\"369\" height=\"635\" src=\"https:\/\/www.nabu-lampertheim.de\/wp-content\/uploads\/2025\/07\/Bild-3-2.jpg\" alt=\"\" class=\"wp-image-1307\" style=\"width:197px;height:auto\" srcset=\"https:\/\/www.nabu-lampertheim.de\/wp-content\/uploads\/2025\/07\/Bild-3-2.jpg 369w, https:\/\/www.nabu-lampertheim.de\/wp-content\/uploads\/2025\/07\/Bild-3-2-174x300.jpg 174w\" sizes=\"auto, (max-width: 369px) 100vw, 369px\" \/><figcaption class=\"wp-element-caption\">Maria<\/figcaption><\/figure>\n<\/div><\/div>\n<\/div>\n\n\n\n<div class=\"wp-block-columns are-vertically-aligned-center is-layout-flex wp-container-core-columns-is-layout-9d6595d7 wp-block-columns-is-layout-flex\">\n<div class=\"wp-block-column is-vertically-aligned-center is-layout-flow wp-block-column-is-layout-flow\"><div class=\"wp-block-image\">\n<figure class=\"aligncenter size-full\"><img loading=\"lazy\" decoding=\"async\" width=\"425\" height=\"409\" src=\"https:\/\/www.nabu-lampertheim.de\/wp-content\/uploads\/2025\/07\/Bild-4-2.jpg\" alt=\"\" class=\"wp-image-1308\" srcset=\"https:\/\/www.nabu-lampertheim.de\/wp-content\/uploads\/2025\/07\/Bild-4-2.jpg 425w, https:\/\/www.nabu-lampertheim.de\/wp-content\/uploads\/2025\/07\/Bild-4-2-300x289.jpg 300w\" sizes=\"auto, (max-width: 425px) 100vw, 425px\" \/><figcaption class=\"wp-element-caption\">Louis und Betty<\/figcaption><\/figure>\n<\/div><\/div>\n<\/div>\n\n\n\n<hr class=\"wp-block-separator has-alpha-channel-opacity\"\/>\n\n\n\n<h5 class=\"wp-block-heading\">Auszeichnung &#8222;Schwalbenfreundliches Haus&#8220;\/ Mai 2025<\/h5>\n\n\n\n<div class=\"wp-block-columns is-layout-flex wp-container-core-columns-is-layout-9d6595d7 wp-block-columns-is-layout-flex\">\n<div class=\"wp-block-column is-layout-flow wp-block-column-is-layout-flow\"><div class=\"wp-block-image\">\n<figure class=\"aligncenter size-large\"><img loading=\"lazy\" decoding=\"async\" width=\"712\" height=\"1024\" src=\"https:\/\/www.nabu-lampertheim.de\/wp-content\/uploads\/2025\/07\/02_IMG_20250509_174412-712x1024.jpg\" alt=\"\" class=\"wp-image-1321\" srcset=\"https:\/\/www.nabu-lampertheim.de\/wp-content\/uploads\/2025\/07\/02_IMG_20250509_174412-712x1024.jpg 712w, https:\/\/www.nabu-lampertheim.de\/wp-content\/uploads\/2025\/07\/02_IMG_20250509_174412-209x300.jpg 209w, https:\/\/www.nabu-lampertheim.de\/wp-content\/uploads\/2025\/07\/02_IMG_20250509_174412-768x1104.jpg 768w, https:\/\/www.nabu-lampertheim.de\/wp-content\/uploads\/2025\/07\/02_IMG_20250509_174412-835x1200.jpg 835w, https:\/\/www.nabu-lampertheim.de\/wp-content\/uploads\/2025\/07\/02_IMG_20250509_174412-445x640.jpg 445w, https:\/\/www.nabu-lampertheim.de\/wp-content\/uploads\/2025\/07\/02_IMG_20250509_174412.jpg 1017w\" sizes=\"auto, (max-width: 712px) 100vw, 712px\" \/><figcaption class=\"wp-element-caption\">Familie Hoffmann aus M\u00f6rlenbach <\/figcaption><\/figure>\n<\/div><\/div>\n\n\n\n<div class=\"wp-block-column is-layout-flow wp-block-column-is-layout-flow\"><div class=\"wp-block-image\">\n<figure class=\"aligncenter size-large is-resized\"><img loading=\"lazy\" decoding=\"async\" width=\"673\" height=\"1024\" src=\"https:\/\/www.nabu-lampertheim.de\/wp-content\/uploads\/2025\/07\/03_IMG-20250510-WA0002-673x1024.jpg\" alt=\"\" class=\"wp-image-1322\" style=\"width:304px;height:auto\" srcset=\"https:\/\/www.nabu-lampertheim.de\/wp-content\/uploads\/2025\/07\/03_IMG-20250510-WA0002-673x1024.jpg 673w, https:\/\/www.nabu-lampertheim.de\/wp-content\/uploads\/2025\/07\/03_IMG-20250510-WA0002-197x300.jpg 197w, https:\/\/www.nabu-lampertheim.de\/wp-content\/uploads\/2025\/07\/03_IMG-20250510-WA0002-768x1169.jpg 768w, https:\/\/www.nabu-lampertheim.de\/wp-content\/uploads\/2025\/07\/03_IMG-20250510-WA0002-1009x1536.jpg 1009w, https:\/\/www.nabu-lampertheim.de\/wp-content\/uploads\/2025\/07\/03_IMG-20250510-WA0002-788x1200.jpg 788w, https:\/\/www.nabu-lampertheim.de\/wp-content\/uploads\/2025\/07\/03_IMG-20250510-WA0002-421x640.jpg 421w, https:\/\/www.nabu-lampertheim.de\/wp-content\/uploads\/2025\/07\/03_IMG-20250510-WA0002.jpg 1073w\" sizes=\"auto, (max-width: 673px) 100vw, 673px\" \/><figcaption class=\"wp-element-caption\">Auszeichnung Schwalbenplakette<\/figcaption><\/figure>\n<\/div><\/div>\n<\/div>\n\n\n\n<p>Menschen, die sich f\u00fcr Schwalben engagieren und an ihren H\u00e4usern dulden, werden vom NABU mit einer Plakette \u201eSchwalbenfreundliches Haus\u201c ausgezeichnet.&nbsp;F\u00fcr Familie Hoffmann in M\u00f6rlenbach gab es am 9. Mai 2025 vom NABU Kreis Bergstra\u00dfe diese Auszeichnung, \u00fcberreicht von Schwalbenbeauftragter Gaby Pietra\u00df.<\/p>\n\n\n\n<p>In luftiger H\u00f6he befanden sich am Haus vier Mehlschwalbennester, in denen schon der Nachwuchs nach Futter gebettelt hatte. Inzwischen wurde schon die dritte Brut von f\u00fcrsorglichen Schwalbeneltern gef\u00fcttert. Dass Familie Hoffmann nicht nur Schwalben duldet und f\u00f6rdert, offenbarte auch ein Blick in ihren kleinen Naturgarten.<\/p>\n\n\n\n<p>Darin befindet sich eine kleine Wiese sowie ein in Naturstein gefasster Teich, in dem sich viele kleine Bergmolche tummelten. <\/p>\n\n\n\n<p>Das Ehepaar Hoffmann freute sich sehr \u00fcber die erhaltene Urkunde sowie Plakette. Diese wurde noch am gleichen Tag unter der Hausnummer angebracht.<\/p>\n","protected":false},"excerpt":{"rendered":"<p>Spencer und seine Herde unterst\u00fctzen die Landschaftspflege an der Feuersteingrube \/ Oktober 2025 Seit Anfang Oktober sind an der Feuersteingrube sieben Schafe im Einsatz. Es handelt sich um eine robuste, alte Schafrasse. Angef\u00fchrt werden sie von ihrem Leitbock&#8230; <a class=\"read-more\" href=\"https:\/\/www.nabu-lampertheim.de\/?page_id=1328\">Mehr erfahren<\/a><\/p>\n","protected":false},"author":1,"featured_media":0,"parent":0,"menu_order":0,"comment_status":"closed","ping_status":"closed","template":"","meta":{"footnotes":""},"class_list":["post-1328","page","type-page","status-publish","hentry","no-comments"],"_links":{"self":[{"href":"https:\/\/www.nabu-lampertheim.de\/index.php?rest_route=\/wp\/v2\/pages\/1328","targetHints":{"allow":["GET"]}}],"collection":[{"href":"https:\/\/www.nabu-lampertheim.de\/index.php?rest_route=\/wp\/v2\/pages"}],"about":[{"href":"https:\/\/www.nabu-lampertheim.de\/index.php?rest_route=\/wp\/v2\/types\/page"}],"author":[{"embeddable":true,"href":"https:\/\/www.nabu-lampertheim.de\/index.php?rest_route=\/wp\/v2\/users\/1"}],"replies":[{"embeddable":true,"href":"https:\/\/www.nabu-lampertheim.de\/index.php?rest_route=%2Fwp%2Fv2%2Fcomments&post=1328"}],"version-history":[{"count":29,"href":"https:\/\/www.nabu-lampertheim.de\/index.php?rest_route=\/wp\/v2\/pages\/1328\/revisions"}],"predecessor-version":[{"id":1455,"href":"https:\/\/www.nabu-lampertheim.de\/index.php?rest_route=\/wp\/v2\/pages\/1328\/revisions\/1455"}],"wp:attachment":[{"href":"https:\/\/www.nabu-lampertheim.de\/index.php?rest_route=%2Fwp%2Fv2%2Fmedia&parent=1328"}],"curies":[{"name":"wp","href":"https:\/\/api.w.org\/{rel}","templated":true}]}}