{"id":150,"date":"2020-10-07T20:06:42","date_gmt":"2020-10-07T20:06:42","guid":{"rendered":"https:\/\/nabu-lampertheim.de\/?page_id=150"},"modified":"2021-02-07T15:49:24","modified_gmt":"2021-02-07T15:49:24","slug":"fledermaeuse","status":"publish","type":"page","link":"https:\/\/www.nabu-lampertheim.de\/?page_id=150","title":{"rendered":"Flederm\u00e4use"},"content":{"rendered":"\n<h4 class=\"wp-block-heading\">J\u00e4ger der Nacht<\/h4>\n\n\n\n<figure class=\"wp-block-image size-large\"><img loading=\"lazy\" decoding=\"async\" width=\"1024\" height=\"768\" src=\"https:\/\/nabu-lampertheim.de\/wp-content\/uploads\/2020\/10\/Zwergfledermaus-1024x768.jpg\" alt=\"\" class=\"wp-image-328\" srcset=\"https:\/\/www.nabu-lampertheim.de\/wp-content\/uploads\/2020\/10\/Zwergfledermaus-1024x768.jpg 1024w, https:\/\/www.nabu-lampertheim.de\/wp-content\/uploads\/2020\/10\/Zwergfledermaus-300x225.jpg 300w, https:\/\/www.nabu-lampertheim.de\/wp-content\/uploads\/2020\/10\/Zwergfledermaus-768x576.jpg 768w, https:\/\/www.nabu-lampertheim.de\/wp-content\/uploads\/2020\/10\/Zwergfledermaus-640x480.jpg 640w, https:\/\/www.nabu-lampertheim.de\/wp-content\/uploads\/2020\/10\/Zwergfledermaus.jpg 1181w\" sizes=\"auto, (max-width: 1024px) 100vw, 1024px\" \/><\/figure>\n\n\n\n<h5 class=\"wp-block-heading\">Fledermausarten<\/h5>\n\n\n<p>Flederm\u00e4use geh\u00f6ren zu einer sehr alten S\u00e4ugetiergruppe. Bereits vor ca. 50 Millionen Jahren gab es Flederm\u00e4use auf der Welt.<br>Heute leben auf der Erde etwa 950 Fledermausarten, die Mehrzahl von ihnen bewohnen die tropischen Klimazonen. Dies liegt daran, dass alle Fledermausarten gerne ein warmes Klima m\u00f6gen.<br>Je weiter man sich auf dem Erdball vom \u00c4quator nach Norden bewegt, desto geringer ist die nat\u00fcrliche Artenvielfalt der Flederm\u00e4use. In Europa kommen insgesamt 30 unterschiedliche Fledermausarten vor, in Deutschland sind es 25.<br>Hier finden Sie die heimischen Fledermausarten &gt;<a href=\"https:\/\/www.nabu.de\/tiere-und-pflanzen\/saeugetiere\/fledermaeuse\/arten\/index.html\">Flederm\u00e4use<\/a><\/p>\n\n\n<figure class=\"wp-block-image size-large\"><img loading=\"lazy\" decoding=\"async\" width=\"354\" height=\"473\" src=\"https:\/\/nabu-lampertheim.de\/wp-content\/uploads\/2020\/10\/Fledermauskinderstube_Gal.jpg\" alt=\"\" class=\"wp-image-359\" srcset=\"https:\/\/www.nabu-lampertheim.de\/wp-content\/uploads\/2020\/10\/Fledermauskinderstube_Gal.jpg 354w, https:\/\/www.nabu-lampertheim.de\/wp-content\/uploads\/2020\/10\/Fledermauskinderstube_Gal-225x300.jpg 225w\" sizes=\"auto, (max-width: 354px) 100vw, 354px\" \/><figcaption>Die Lampertheimer NABU&#8217;ler fanden in einem<br>Vogel-Nistkasten eine Fledermauswochenstube des Braunen Langohr<\/figcaption><\/figure>\n\n\n\n<div style=\"height:20px\" aria-hidden=\"true\" class=\"wp-block-spacer\"><\/div>\n\n\n\n<p><\/p>\n\n\n\n<h5 class=\"wp-block-heading\">Kleines Ger\u00e4t mit gro\u00dfer Wirkung<\/h5>\n\n\n\n<p>Flederm\u00e4use mit Bat-Detektor hautnah erleben<\/p>\n\n\n\n<p>Alle heimischen Flederm\u00e4use jagen und orientieren sich mit Hilfe der so genannten Ultraschall-Echoortung. Die Laute werden in einem Bereich von etwa 20 bis zu 100 Kilohertz (Khz) erzeugt. Jede Fledermausart hat dabei ihre besondere Rufcharakteristik und nutzt bestimmte Frequenzbereiche. Sie sind allesamt f\u00fcr den Menschen nicht wahrnehmbar, denn die menschliche H\u00f6rf\u00e4higkeit endet bei 16 bis 18 Kilohertz. Der Bat-Detektor \u00fcberbr\u00fcckt genau diesen menschlichen Schwachpunkt, indem er die hochfrequenten Rufe der Flederm\u00e4use in h\u00f6rbare Laute abwandelt.<\/p>\n\n\n\n<figure class=\"wp-block-image size-large\"><img loading=\"lazy\" decoding=\"async\" width=\"680\" height=\"453\" src=\"https:\/\/nabu-lampertheim.de\/wp-content\/uploads\/2020\/10\/150707-nabu-batdetektor-eric-neuling-680x453-1.jpeg\" alt=\"\" class=\"wp-image-357\" srcset=\"https:\/\/www.nabu-lampertheim.de\/wp-content\/uploads\/2020\/10\/150707-nabu-batdetektor-eric-neuling-680x453-1.jpeg 680w, https:\/\/www.nabu-lampertheim.de\/wp-content\/uploads\/2020\/10\/150707-nabu-batdetektor-eric-neuling-680x453-1-300x200.jpeg 300w, https:\/\/www.nabu-lampertheim.de\/wp-content\/uploads\/2020\/10\/150707-nabu-batdetektor-eric-neuling-680x453-1-640x426.jpeg 640w\" sizes=\"auto, (max-width: 680px) 100vw, 680px\" \/><figcaption>Bat-Detektor<\/figcaption><\/figure>\n\n\n<p>Die einfacheren Ger\u00e4te bestehen im wesentlichen aus einem sensiblen Ultraschall-Mikrofon, einem elektronischen Frequenzwandler sowie einem Lautsprecher. Wichtig ist auch die Frequenzvorwahl, die das Mikrofon jeweils f\u00fcr eine feste Frequenz empfindlich macht. Das Ergebnis ist je nach Art und Anzahl ein Stakkato von knackenden oder klickenden Ger\u00e4uschen, die der Beobachter h\u00f6rt. Der Ultraschallruf einer Fledermaus dauert nur wenige Sekundenbruchteile. Im normalen Suchflug erfolgt der Ortungsruf vielleicht 10 Mal pro Sekunde. Wird Beute &#8222;erh\u00f6rt&#8220;, steigert sich die Ruffrequenz auf bis zu 100 Rufe pro Sekunde bis der Fang erfolgt. Das Erkennen von Fledermausarten anhand ihrer Rufe muss allerdings, genau wie beim Gesang der V\u00f6gel, erlernt werden.<\/p>\n<p>N\u00e4chtliche Exkursionen mit dem Bat-Detektor zu Fledermaus-Jagdrevieren wie Teichen und kleinen Seen oder bl\u00fctenreichen Wiesen in Parks mit altem Baumbestand werden von vielen NABU-Fledermauskundlern im Rahmen der Europ\u00e4ischen Fledermausnacht oder bei Fledermausf\u00fchrungen angeboten\/ (Batnight Ende August am NSG Lampertheimer Altrhein).<\/p>\n<p>Wie es sich anh\u00f6rt wenn ein Detektor die Rufe einer Fledermaus h\u00f6rbar macht, k\u00f6nnen sie am Beispiel des Abendseglers und des Mausohrs an ihrem PC erleben, Link &gt; <a href=\"https:\/\/www.nabu.de\/tiere-und-pflanzen\/saeugetiere\/fledermaeuse\/wissen\/11385.html\">Fledermausrufe<\/a><\/p>\n<h5>Infos auf einen Blick:<\/h5>\n<ul>\n<li><a href=\"https:\/\/www.nabu.de\/tiere-und-pflanzen\/saeugetiere\/fledermaeuse\/arten\/index.html\">Artenportraits der heimischen Flederm\u00e4use<\/a><\/li>\n<li><a href=\"https:\/\/www.nabu.de\/tiere-und-pflanzen\/saeugetiere\/fledermaeuse\/aktiv-fuer-fledermaeuse\/01536.html\">Flederm\u00e4use beobachten<\/a><\/li>\n<li><a href=\"https:\/\/www.nabu.de\/tiere-und-pflanzen\/saeugetiere\/fledermaeuse\/aktiv-fuer-fledermaeuse\/\">Flederm\u00e4use sch\u00fctzen<\/a><\/li>\n<li><a href=\"https:\/\/www.nabu.de\/tiere-und-pflanzen\/aktionen-und-projekte\/batnight\/spiel-und-spass\/\">Spiel und Spa\u00df<\/a><\/li>\n<li><a href=\"https:\/\/www.nabu.de\/tiere-und-pflanzen\/aktionen-und-projekte\/batnight\/materialien\/\">Materialien<\/a><\/li>\n<li><a href=\"https:\/\/www.nabu.de\/spenden-und-mitmachen\/patenschaften\/fledermaus\/index.html\">Fledermaus-Pate werden!<\/a><\/li>\n<\/ul>\n\n\n<h5 class=\"wp-block-heading\">NABU Fledermaus-INFO-Telefon: 030-284984-5000<\/h5>\n","protected":false},"excerpt":{"rendered":"<p>J\u00e4ger der Nacht Fledermausarten Flederm\u00e4use geh\u00f6ren zu einer sehr alten S\u00e4ugetiergruppe. Bereits vor ca. 50 Millionen Jahren gab es Flederm\u00e4use auf der Welt.Heute leben auf der Erde etwa 950 Fledermausarten, die Mehrzahl von ihnen bewohnen die tropischen Klimazonen&#8230;. <a class=\"read-more\" href=\"https:\/\/www.nabu-lampertheim.de\/?page_id=150\">Mehr erfahren<\/a><\/p>\n","protected":false},"author":1,"featured_media":0,"parent":0,"menu_order":0,"comment_status":"closed","ping_status":"closed","template":"","meta":{"footnotes":""},"class_list":["post-150","page","type-page","status-publish","hentry","no-comments"],"_links":{"self":[{"href":"https:\/\/www.nabu-lampertheim.de\/index.php?rest_route=\/wp\/v2\/pages\/150","targetHints":{"allow":["GET"]}}],"collection":[{"href":"https:\/\/www.nabu-lampertheim.de\/index.php?rest_route=\/wp\/v2\/pages"}],"about":[{"href":"https:\/\/www.nabu-lampertheim.de\/index.php?rest_route=\/wp\/v2\/types\/page"}],"author":[{"embeddable":true,"href":"https:\/\/www.nabu-lampertheim.de\/index.php?rest_route=\/wp\/v2\/users\/1"}],"replies":[{"embeddable":true,"href":"https:\/\/www.nabu-lampertheim.de\/index.php?rest_route=%2Fwp%2Fv2%2Fcomments&post=150"}],"version-history":[{"count":14,"href":"https:\/\/www.nabu-lampertheim.de\/index.php?rest_route=\/wp\/v2\/pages\/150\/revisions"}],"predecessor-version":[{"id":454,"href":"https:\/\/www.nabu-lampertheim.de\/index.php?rest_route=\/wp\/v2\/pages\/150\/revisions\/454"}],"wp:attachment":[{"href":"https:\/\/www.nabu-lampertheim.de\/index.php?rest_route=%2Fwp%2Fv2%2Fmedia&parent=150"}],"curies":[{"name":"wp","href":"https:\/\/api.w.org\/{rel}","templated":true}]}}