{"id":34,"date":"2020-10-06T20:01:48","date_gmt":"2020-10-06T20:01:48","guid":{"rendered":"https:\/\/nabu-lampertheim.de\/?page_id=34"},"modified":"2023-06-22T09:58:35","modified_gmt":"2023-06-22T09:58:35","slug":"impressum","status":"publish","type":"page","link":"https:\/\/www.nabu-lampertheim.de\/?page_id=34","title":{"rendered":"Impressum"},"content":{"rendered":"\n<p>NABU Lampertheim e.V.<br>Erster Vorsitzender: Klaus Feldhinkel<br>info[at]nabu-lampertheim.de<br>\u00a0<br>Registergericht: Amtsgericht Darmstadt<br>Vereinsregisternummer: 82821<br>Vertretungsberechtigter Vorstand: Klaus Feldhinkel (Erste Vorsitzender),<br>Andrea Hartkorn (Zweite Vorsitzende).<br>Verantwortlich f\u00fcr den Inhalt\u00a0(gem. \u00a7 55 Abs. 2 RStV):<br>Klaus Feldhinkel<br>Kurpfalzstr. 12<br>68623 Lampertheim<br>info[at]nabu-lampertheim.de\u00a0<br>Sollte eines der gezeigten Bilder\/Grafiken gegen geltendes Copyright\/Urheberrecht versto\u00dfen, so bitten wir um Mitteilung, wir werden das entsprechende Bild\/Grafik dann umgehend entfernen.<br>\u00a0<br><strong>HAFTUNGSAUSSCHLUSS<\/strong>\u00a0<br>Inhalt des Webangebotes<br>Der NABU Lampertheim e.V. ist bem\u00fcht, sein Webangebot stets aktuell und inhaltlich richtig sowie vollst\u00e4ndig anzubieten. Dennoch ist das Auftreten von Fehlern nicht v\u00f6llig auszuschlie\u00dfen.\u00a0<br>Der NABU Lampertheim e.V. \u00fcbernimmt keine Haftung f\u00fcr die Aktualit\u00e4t, die inhaltliche Richtigkeit sowie f\u00fcr die Vollst\u00e4ndigkeit der in seinem Webangebot eingestellten Informationen, es sei denn, die Fehler wurden vors\u00e4tzlich oder grob fahrl\u00e4ssig aufgenommen. Dies bezieht sich auf eventuelle Sch\u00e4den materieller oder ideeller Art Dritter, die durch die Nutzung dieses Webangebotes verursacht wurden.\u00a0<br><strong>Copyright<\/strong><br>Das Layout der Homepage, die verwendeten Grafiken und Fotos und die einzelnen Beitr\u00e4ge sind urheberrechtlich gesch\u00fctzt. Ihre Verwendung ist nur nach Genehmigung des NABU Lampertheim e.V. zul\u00e4ssig, der ggf. (z.B. bei den Fotos) seinerseits auf die Rechte Dritter verweisen m\u00fcsste.\u00a0<br>Externe Verweise und Links<br>Der NABU Lampertheim e.V. erkl\u00e4rt hiermit ausdr\u00fccklich, dass zum Zeitpunkt der Linksetzung keine illegalen Inhalte auf den zu verlinkenden Seiten erkennbar waren. Auf die aktuelle und zuk\u00fcnftige Gestaltung, die Inhalte oder die Urheberschaft der verlinkten Seiten hat der NABU Lampertheim e.V. keinerlei Einfluss. Deshalb distanziert er sich hiermit ausdr\u00fccklich von allen Inhalten aller verlinkten Seiten, die nach der Linksetzung ver\u00e4ndert wurden. Diese Feststellung gilt f\u00fcr alle innerhalb des eigenen Internetangebotes gesetzten Links und Verweise. F\u00fcr illegale, fehlerhafte oder unvollst\u00e4ndige Inhalte und insbesondere f\u00fcr Sch\u00e4den, die aus der Nutzung oder Nichtnutzung solcherart dargebotener Informationen entstehen, haftet allein der Anbieter der Seite, auf welche verwiesen wurde, nicht derjenige, der \u00fcber Links auf die jeweilige Ver\u00f6ffentlichung lediglich verweist.\u00a0<br><strong>Rechtswirksamkeit<\/strong><br>Dieser Haftungsausschluss ist Teil des Internetangebotes des NABU Lampertheim e.V. Sofern einzelne Formulierungen oder Teile dieses Textes der geltenden Rechtslage nicht mehr oder nicht mehr vollst\u00e4ndig entsprechen, bleiben die \u00fcbrigen Teile dieser Erkl\u00e4rung davon unber\u00fchrt.<\/p>\n","protected":false},"excerpt":{"rendered":"<p>NABU Lampertheim e.V.Erster Vorsitzender: Klaus Feldhinkelinfo[at]nabu-lampertheim.de\u00a0Registergericht: Amtsgericht DarmstadtVereinsregisternummer: 82821Vertretungsberechtigter Vorstand: Klaus Feldhinkel (Erste Vorsitzender),Andrea Hartkorn (Zweite Vorsitzende).Verantwortlich f\u00fcr den Inhalt\u00a0(gem. \u00a7 55 Abs. 2 RStV):Klaus FeldhinkelKurpfalzstr. 1268623 Lampertheiminfo[at]nabu-lampertheim.de\u00a0Sollte eines der gezeigten Bilder\/Grafiken gegen geltendes Copyright\/Urheberrecht versto\u00dfen, so bitten&#8230; <a class=\"read-more\" href=\"https:\/\/www.nabu-lampertheim.de\/?page_id=34\">Mehr erfahren<\/a><\/p>\n","protected":false},"author":1,"featured_media":0,"parent":0,"menu_order":0,"comment_status":"closed","ping_status":"closed","template":"","meta":{"footnotes":""},"class_list":["post-34","page","type-page","status-publish","hentry","no-comments"],"_links":{"self":[{"href":"https:\/\/www.nabu-lampertheim.de\/index.php?rest_route=\/wp\/v2\/pages\/34","targetHints":{"allow":["GET"]}}],"collection":[{"href":"https:\/\/www.nabu-lampertheim.de\/index.php?rest_route=\/wp\/v2\/pages"}],"about":[{"href":"https:\/\/www.nabu-lampertheim.de\/index.php?rest_route=\/wp\/v2\/types\/page"}],"author":[{"embeddable":true,"href":"https:\/\/www.nabu-lampertheim.de\/index.php?rest_route=\/wp\/v2\/users\/1"}],"replies":[{"embeddable":true,"href":"https:\/\/www.nabu-lampertheim.de\/index.php?rest_route=%2Fwp%2Fv2%2Fcomments&post=34"}],"version-history":[{"count":5,"href":"https:\/\/www.nabu-lampertheim.de\/index.php?rest_route=\/wp\/v2\/pages\/34\/revisions"}],"predecessor-version":[{"id":1080,"href":"https:\/\/www.nabu-lampertheim.de\/index.php?rest_route=\/wp\/v2\/pages\/34\/revisions\/1080"}],"wp:attachment":[{"href":"https:\/\/www.nabu-lampertheim.de\/index.php?rest_route=%2Fwp%2Fv2%2Fmedia&parent=34"}],"curies":[{"name":"wp","href":"https:\/\/api.w.org\/{rel}","templated":true}]}}