{"id":387,"date":"2020-10-14T22:19:19","date_gmt":"2020-10-14T22:19:19","guid":{"rendered":"https:\/\/nabu-lampertheim.de\/?page_id=387"},"modified":"2020-10-14T22:21:00","modified_gmt":"2020-10-14T22:21:00","slug":"mitglied-werden","status":"publish","type":"page","link":"https:\/\/www.nabu-lampertheim.de\/?page_id=387","title":{"rendered":"Mitglied werden"},"content":{"rendered":"\n<h5 class=\"wp-block-heading\">Treten Sie ein f\u00fcr Mensch und Natur!<br>Werden Sie Mitglied in einer starken Gemeinschaft<\/h5>\n\n\n<p>Der NABU ist seit \u00fcber 100 Jahren im praktischen Naturschutz vor Ort aktiv, um die Vielfalt unserer heimischen Tier- und Pflanzenwelt zu erhalten. Heute betreut der NABU mehr als 5.000 Schutzgebiete in ganz Deutschland. Von Fehmarn bis zum Bodensee laden 80 NABU-Naturzentren dazu ein, die Natur hautnah zu erleben.<\/p>\n<p>Damit wir auch in Zukunft die Vielfalt und die Sch\u00f6nheit der Natur direkt vor unserer Haust\u00fcr genie\u00dfen k\u00f6nnen, braucht sie Ihren Schutz.<\/p>\n<ul>\n<li><a href=\"https:\/\/www.nabu.de\/spenden-und-mitmachen\/mitglied-werden\/index.html?ref=nav\">Ja, ich m\u00f6chte Mitglied werden<\/a><\/li>\n<\/ul>","protected":false},"excerpt":{"rendered":"<p>Treten Sie ein f\u00fcr Mensch und Natur!Werden Sie Mitglied in einer starken Gemeinschaft Der NABU ist seit \u00fcber 100 Jahren im praktischen Naturschutz vor Ort aktiv, um die Vielfalt unserer heimischen Tier- und Pflanzenwelt zu erhalten. Heute betreut&#8230; <a class=\"read-more\" href=\"https:\/\/www.nabu-lampertheim.de\/?page_id=387\">Mehr erfahren<\/a><\/p>\n","protected":false},"author":1,"featured_media":0,"parent":0,"menu_order":0,"comment_status":"closed","ping_status":"closed","template":"","meta":{"footnotes":""},"class_list":["post-387","page","type-page","status-publish","hentry","no-comments"],"_links":{"self":[{"href":"https:\/\/www.nabu-lampertheim.de\/index.php?rest_route=\/wp\/v2\/pages\/387","targetHints":{"allow":["GET"]}}],"collection":[{"href":"https:\/\/www.nabu-lampertheim.de\/index.php?rest_route=\/wp\/v2\/pages"}],"about":[{"href":"https:\/\/www.nabu-lampertheim.de\/index.php?rest_route=\/wp\/v2\/types\/page"}],"author":[{"embeddable":true,"href":"https:\/\/www.nabu-lampertheim.de\/index.php?rest_route=\/wp\/v2\/users\/1"}],"replies":[{"embeddable":true,"href":"https:\/\/www.nabu-lampertheim.de\/index.php?rest_route=%2Fwp%2Fv2%2Fcomments&post=387"}],"version-history":[{"count":3,"href":"https:\/\/www.nabu-lampertheim.de\/index.php?rest_route=\/wp\/v2\/pages\/387\/revisions"}],"predecessor-version":[{"id":390,"href":"https:\/\/www.nabu-lampertheim.de\/index.php?rest_route=\/wp\/v2\/pages\/387\/revisions\/390"}],"wp:attachment":[{"href":"https:\/\/www.nabu-lampertheim.de\/index.php?rest_route=%2Fwp%2Fv2%2Fmedia&parent=387"}],"curies":[{"name":"wp","href":"https:\/\/api.w.org\/{rel}","templated":true}]}}