{"id":437,"date":"2020-12-02T17:36:56","date_gmt":"2020-12-02T17:36:56","guid":{"rendered":"https:\/\/nabu-lampertheim.de\/?page_id=437"},"modified":"2025-02-12T17:50:09","modified_gmt":"2025-02-12T17:50:09","slug":"links","status":"publish","type":"page","link":"https:\/\/www.nabu-lampertheim.de\/?page_id=437","title":{"rendered":"Links"},"content":{"rendered":"\n<p><a href=\"https:\/\/nabu-bergstrasse.de\/\">NABU Kreisverband Bergstra\u00dfe<\/a><\/p>\n\n\n\n<p><a href=\"https:\/\/hessen.nabu.de\/index.html\">NABU Hessen<\/a><\/p>\n\n\n\n<p><img loading=\"lazy\" decoding=\"async\" width=\"150\" height=\"74\" class=\"wp-image-1213\" style=\"width: 150px;\" src=\"https:\/\/www.nabu-lampertheim.de\/wp-content\/uploads\/2025\/02\/FV-Biedensandbaeder-Logo.png\" alt=\"F\u00f6rderverein Biedensand-B\u00e4der e.V.\" srcset=\"https:\/\/www.nabu-lampertheim.de\/wp-content\/uploads\/2025\/02\/FV-Biedensandbaeder-Logo.png 897w, https:\/\/www.nabu-lampertheim.de\/wp-content\/uploads\/2025\/02\/FV-Biedensandbaeder-Logo-300x149.png 300w, https:\/\/www.nabu-lampertheim.de\/wp-content\/uploads\/2025\/02\/FV-Biedensandbaeder-Logo-768x381.png 768w, https:\/\/www.nabu-lampertheim.de\/wp-content\/uploads\/2025\/02\/FV-Biedensandbaeder-Logo-640x318.png 640w\" sizes=\"auto, (max-width: 150px) 100vw, 150px\" \/><a href=\"https:\/\/fv-biedensand-baeder.de\/\">F\u00f6rderverein Biedensand-B\u00e4der Lampertheim e.V.<\/a><\/p>\n\n\n\n<p><a href=\"https:\/\/rp-darmstadt.hessen.de\/sites\/rp-darmstadt.hessen.de\/files\/Faltblatt%20Lampertheimer%20Altrhein18042018.pdf\" data-type=\"URL\" data-id=\"https:\/\/rp-darmstadt.hessen.de\/sites\/rp-darmstadt.hessen.de\/files\/Faltblatt%20Lampertheimer%20Altrhein18042018.pdf\" target=\"_blank\" rel=\"noreferrer noopener\">Info-flyer Lamperheimer Altrhein<\/a> (RP Darmstadt, Stand: 04\/2018)<\/p>\n\n\n\n<p><\/p>\n\n\n\n<figure class=\"wp-block-image size-large\"><img loading=\"lazy\" decoding=\"async\" width=\"199\" height=\"425\" src=\"https:\/\/nabu-lampertheim.de\/wp-content\/uploads\/2020\/12\/LaAltrhein-Ausschn-flyer.jpg\" alt=\"\" class=\"wp-image-441\" srcset=\"https:\/\/www.nabu-lampertheim.de\/wp-content\/uploads\/2020\/12\/LaAltrhein-Ausschn-flyer.jpg 199w, https:\/\/www.nabu-lampertheim.de\/wp-content\/uploads\/2020\/12\/LaAltrhein-Ausschn-flyer-140x300.jpg 140w\" sizes=\"auto, (max-width: 199px) 100vw, 199px\" \/><\/figure>\n\n\n\n<p><\/p>\n","protected":false},"excerpt":{"rendered":"<p>NABU Kreisverband Bergstra\u00dfe NABU Hessen F\u00f6rderverein Biedensand-B\u00e4der Lampertheim e.V. Info-flyer Lamperheimer Altrhein (RP Darmstadt, Stand: 04\/2018)<\/p>\n","protected":false},"author":1,"featured_media":0,"parent":0,"menu_order":0,"comment_status":"closed","ping_status":"closed","template":"","meta":{"footnotes":""},"class_list":["post-437","page","type-page","status-publish","hentry","no-comments"],"_links":{"self":[{"href":"https:\/\/www.nabu-lampertheim.de\/index.php?rest_route=\/wp\/v2\/pages\/437","targetHints":{"allow":["GET"]}}],"collection":[{"href":"https:\/\/www.nabu-lampertheim.de\/index.php?rest_route=\/wp\/v2\/pages"}],"about":[{"href":"https:\/\/www.nabu-lampertheim.de\/index.php?rest_route=\/wp\/v2\/types\/page"}],"author":[{"embeddable":true,"href":"https:\/\/www.nabu-lampertheim.de\/index.php?rest_route=\/wp\/v2\/users\/1"}],"replies":[{"embeddable":true,"href":"https:\/\/www.nabu-lampertheim.de\/index.php?rest_route=%2Fwp%2Fv2%2Fcomments&post=437"}],"version-history":[{"count":7,"href":"https:\/\/www.nabu-lampertheim.de\/index.php?rest_route=\/wp\/v2\/pages\/437\/revisions"}],"predecessor-version":[{"id":1215,"href":"https:\/\/www.nabu-lampertheim.de\/index.php?rest_route=\/wp\/v2\/pages\/437\/revisions\/1215"}],"wp:attachment":[{"href":"https:\/\/www.nabu-lampertheim.de\/index.php?rest_route=%2Fwp%2Fv2%2Fmedia&parent=437"}],"curies":[{"name":"wp","href":"https:\/\/api.w.org\/{rel}","templated":true}]}}