{"id":928,"date":"2023-02-04T14:48:27","date_gmt":"2023-02-04T14:48:27","guid":{"rendered":"https:\/\/www.nabu-lampertheim.de\/?page_id=928"},"modified":"2023-02-04T14:59:58","modified_gmt":"2023-02-04T14:59:58","slug":"archiv","status":"publish","type":"page","link":"https:\/\/www.nabu-lampertheim.de\/?page_id=928","title":{"rendered":"Archiv 2022"},"content":{"rendered":"\n<p class=\"has-medium-font-size\"><strong>Schulgarten Litauisches Gymnasium Lampertheim-H\u00fcttenfeld<\/strong><\/p>\n\n\n\n<p>Mit 1.000 Euro F\u00f6rdersumme von der Bundesstelle NABU in Berlin wurde im Fr\u00fchjahr 2018 im Rahmen des &#8222;G\u00f6nn-Dir-Garten&#8220;-Projekts der Schulgarten im Litauischen Gymnasium in Lampertheim-H\u00fcttenfeld gestartet. In Zusammenarbeit mit der damaligender Direktorin Janina Vaitkiene, der Biologielehrerin Dr. Anka Weber und den NABU-Mitgliedern der Ortsgruppe Lampertheim Klaus Feldhinkel (G\u00e4rtnermeister) und Anke Diehlmann (Diplom-Biologin) wurde der Garten geplant und gestaltet. Die weitere Pflege erfolgt durch die Sch\u00fcler unter Anleitung von Frau Dr. A. Weber und Anke Diehlmann. Frau Weber integriert den Schulgarten in den Unterricht der 5. und 6. Klasse.<\/p>\n\n\n\n<p>2021 wurden Pumpe und Beregnungsanlage sowie ein Ger\u00e4tehaus gesponsert.<\/p>\n\n\n\n<p>Im Jahr 2022 hat der Schulgarten mittels F\u00f6rderantrag bei Rotary Lampertheim 500 Euro und 200 Euro Sachmittel von Agrarmakt Engert erhalten. G\u00e4rtnerei Diehlmann spendete Lavasubstrat.<\/p>\n\n\n\n<p>Neben Hochbeeten mit Nutzpflanzen wurden auch Beete mit insektenfreundlichen Stauden angelegt.<br>Ebenso fanden verschiedene Beerenstr\u00e4ucher ihren Platz.<br><\/p>\n\n\n\n<figure class=\"wp-block-image size-full is-resized\"><img loading=\"lazy\" decoding=\"async\" src=\"https:\/\/www.nabu-lampertheim.de\/wp-content\/uploads\/2022\/09\/Collage-August-2022-2.jpg\" alt=\"\" class=\"wp-image-880\" width=\"549\" height=\"549\" srcset=\"https:\/\/www.nabu-lampertheim.de\/wp-content\/uploads\/2022\/09\/Collage-August-2022-2.jpg 928w, https:\/\/www.nabu-lampertheim.de\/wp-content\/uploads\/2022\/09\/Collage-August-2022-2-300x300.jpg 300w, https:\/\/www.nabu-lampertheim.de\/wp-content\/uploads\/2022\/09\/Collage-August-2022-2-150x150.jpg 150w, https:\/\/www.nabu-lampertheim.de\/wp-content\/uploads\/2022\/09\/Collage-August-2022-2-768x768.jpg 768w, https:\/\/www.nabu-lampertheim.de\/wp-content\/uploads\/2022\/09\/Collage-August-2022-2-640x640.jpg 640w\" sizes=\"auto, (max-width: 549px) 100vw, 549px\" \/><figcaption class=\"wp-element-caption\">Collage: Anke Diehlmann<\/figcaption><\/figure>\n\n\n\n<hr class=\"wp-block-separator has-alpha-channel-opacity\"\/>\n\n\n\n<p class=\"has-medium-font-size\"><strong>Wir-schaffen-was-Tag, 17. September 2022<\/strong><\/p>\n\n\n\n<p>Die ehemalige Storchenstation beherbergt mit ihren zwei Teichen viele Amphibienarten wie Grasfrosch, Erdkr\u00f6te, Wasserfrosch, Molche u.a. sowie zahlreiche Libellen u. a. Wasserinsekten<\/p>\n\n\n\n<p>Zu beobachten sind auch verschiedene Vogelarten, wie etwa Rallen, Enten, G\u00e4nse, Rohrs\u00e4nger, Zaunk\u00f6nig, Rotkehlchen, Pirol, Kuckuck, Kleiber, Meisen und viele andere.<\/p>\n\n\n\n<p>Es wurden Biotop-Pflegema\u00dfnahmen wie Wiese m\u00e4hen, Hecken \/ B\u00e4ume schneiden, Schilf schneiden,&nbsp; Totholzhaufen erneuern, Pflege von Nasch- und Blumengarten und Zaunarbeiten erledigt.<\/p>\n\n\n\n<div class=\"wp-block-group\"><div class=\"wp-block-group__inner-container is-layout-flow wp-block-group-is-layout-flow\">\n<figure class=\"wp-block-gallery has-nested-images columns-default is-cropped wp-block-gallery-1 is-layout-flex wp-block-gallery-is-layout-flex\">\n<figure class=\"wp-block-image size-large\"><img decoding=\"async\" data-id=\"883\" src=\"https:\/\/www.nabu-lampertheim.de\/wp-content\/uploads\/2022\/09\/IMG_20220917_104424.jpg\" alt=\"\" class=\"wp-image-883\"\/><\/figure>\n\n\n\n<figure class=\"wp-block-image size-large\"><img decoding=\"async\" data-id=\"884\" src=\"https:\/\/www.nabu-lampertheim.de\/wp-content\/uploads\/2022\/09\/IMG_20220917_104432.jpg\" alt=\"\" class=\"wp-image-884\"\/><\/figure>\n\n\n\n<figure class=\"wp-block-image size-large\"><img decoding=\"async\" data-id=\"885\" src=\"https:\/\/www.nabu-lampertheim.de\/wp-content\/uploads\/2022\/09\/IMG-20220917-WA0002-1024x768.jpg\" alt=\"\" class=\"wp-image-885\"\/><\/figure>\n\n\n\n<figure class=\"wp-block-image size-large\"><img decoding=\"async\" data-id=\"886\" src=\"https:\/\/www.nabu-lampertheim.de\/wp-content\/uploads\/2022\/09\/IMG-20220917-WA0003-1024x768.jpg\" alt=\"\" class=\"wp-image-886\"\/><\/figure>\n\n\n\n<figure class=\"wp-block-image size-large\"><img decoding=\"async\" data-id=\"887\" src=\"https:\/\/www.nabu-lampertheim.de\/wp-content\/uploads\/2022\/09\/IMG-20220917-WA0004-1024x768.jpg\" alt=\"\" class=\"wp-image-887\"\/><\/figure>\n\n\n\n<figure class=\"wp-block-image size-large\"><img decoding=\"async\" data-id=\"888\" src=\"https:\/\/www.nabu-lampertheim.de\/wp-content\/uploads\/2022\/09\/IMG-20220917-WA0005-1024x768.jpg\" alt=\"\" class=\"wp-image-888\"\/><\/figure>\n\n\n\n<figure class=\"wp-block-image size-large\"><img decoding=\"async\" data-id=\"889\" src=\"https:\/\/www.nabu-lampertheim.de\/wp-content\/uploads\/2022\/09\/IMG-20220917-WA0006-1024x768.jpg\" alt=\"\" class=\"wp-image-889\"\/><\/figure>\n\n\n\n<figure class=\"wp-block-image size-large\"><img decoding=\"async\" data-id=\"890\" src=\"https:\/\/www.nabu-lampertheim.de\/wp-content\/uploads\/2022\/09\/IMG-20220917-WA0007-1024x768.jpg\" alt=\"\" class=\"wp-image-890\"\/><\/figure>\n<figcaption class=\"blocks-gallery-caption wp-element-caption\">Fotos: NABU<\/figcaption><\/figure>\n<\/div><\/div>\n\n\n\n<hr class=\"wp-block-separator has-css-opacity\"\/>\n\n\n\n<p class=\"has-medium-font-size\"><strong>RhineCleanUp in Lampertheim, 10. September 2022<\/strong><\/p>\n\n\n\n<p>Am 10. September 2022 fand wieder der RhineCleanUp-Tag statt, so auch in Lampertheim.<\/p>\n\n\n\n<p>Drei NABU-Aktive (Anke Diehlmann, Klaus Feldhinkel und Ralf Gerlach) und vier weitere Helfer haben im Bereich der Natostra\u00dfe und der Neurhein-Gastst\u00e4tte M\u00fcll eingesammelt. Dieses Jahr wurde nicht so viel gefunden, was wohl auch darauf zur\u00fcckzuf\u00fchren war, weil es kein Hochwasser gab, welches sonst mehr M\u00fcll angeschwemmt h\u00e4tte.<\/p>\n\n\n\n<figure class=\"wp-block-gallery has-nested-images columns-default is-cropped wp-block-gallery-2 is-layout-flex wp-block-gallery-is-layout-flex\">\n<figure class=\"wp-block-image size-large\"><img decoding=\"async\" data-id=\"893\" src=\"https:\/\/www.nabu-lampertheim.de\/wp-content\/uploads\/2022\/09\/IMG-20220910-WA0004-2.jpg\" alt=\"\" class=\"wp-image-893\"\/><\/figure>\n\n\n\n<figure class=\"wp-block-image size-large\"><img decoding=\"async\" data-id=\"894\" src=\"https:\/\/www.nabu-lampertheim.de\/wp-content\/uploads\/2022\/09\/IMG-20220910-WA0006-2.jpg\" alt=\"\" class=\"wp-image-894\"\/><\/figure>\n\n\n\n<figure class=\"wp-block-image size-large\"><img decoding=\"async\" data-id=\"895\" src=\"https:\/\/www.nabu-lampertheim.de\/wp-content\/uploads\/2022\/09\/IMG-20220910-WA0007-2.jpg\" alt=\"\" class=\"wp-image-895\"\/><\/figure>\n\n\n\n<figure class=\"wp-block-image size-large\"><img decoding=\"async\" data-id=\"896\" src=\"https:\/\/www.nabu-lampertheim.de\/wp-content\/uploads\/2022\/09\/IMG-20220910-WA0008-2.jpg\" alt=\"\" class=\"wp-image-896\"\/><\/figure>\n\n\n\n<figure class=\"wp-block-image size-large\"><img decoding=\"async\" data-id=\"897\" src=\"https:\/\/www.nabu-lampertheim.de\/wp-content\/uploads\/2022\/09\/IMG-20220910-WA0021-2.jpg\" alt=\"\" class=\"wp-image-897\"\/><\/figure>\n<figcaption class=\"blocks-gallery-caption wp-element-caption\">Fotos: Privat<\/figcaption><\/figure>\n\n\n\n<hr class=\"wp-block-separator has-alpha-channel-opacity\"\/>\n\n\n\n<p class=\"has-medium-font-size\"><strong>Todesfalle M\u00e4hroboter<\/strong><\/p>\n\n\n\n<p>Putzig sehen sie aus, die kleinen stacheligen Igel, wenn sie \u00fcber die Wiese laufen. Igel werden bis zu sieben Jahre alt. Sie wiegen zwischen 800 und 1.500 Gramm. Ein Jungigel sollte Mitte Oktober mind. 400 g und im November mind. 600 g wiegen. Dann kann er seinen Winterschlaf sicher \u00fcberstehen. Die Stacheln der Igel sind verhornte Haare und dienen der Verteidigung. Ein erwachsener Igel hat 6.000 bis 8.000 Stacheln. Diese Stacheln besitzt der Igel bereits bei der Geburt, jedoch sind sie dann noch weich und nicht ausgeh\u00e4rtet. Jeder Stachel ist mit einem eigenen Muskel ausgestattet. Das Zusammenrollen ist somit ein hochkomplexes Zusammenspiel vieler Muskeln!<\/p>\n\n\n\n<p>Igel sind Einzelg\u00e4nger und nachtaktiv. In hei\u00dfen Sommern, wie diesem, kommen sie aber auch tags\u00fcber zum Trinken aus ihrem Versteck: Wassersch\u00e4lchen im Garten sind nicht nur f\u00fcr Igel eine Hilfe bei Trockenheit. Igel sind zu Kulturnachfolgern geworden, denn die kleinr\u00e4umige, abwechslungsreiche Kulturlandschaft, haben Menschen immer mehr abgeschafft. Schotterg\u00e4rten oder millimeterkurz geschnittene Rasenfl\u00e4chen bieten Igeln und einer \u00fcberlebenswichtigen Artenvielfalt keinen Lebensraum. Der Igel leidet, wenn er keine Holz- und Laubhaufen mehr findet. Diese ben\u00f6tigt er zum Jagen, Verstecken und \u00dcberwintern. Auch Wiesenecken, die nur 1 &#8211; 2 mal pro Jahr geschnitten werden sind f\u00fcr die Artenvielfalt unverzichtbar im Gegensatz zum Menschen, der doch gerne auf ein Fleckchen englischen Rasen oder Wohnzimmer-Vorzeigegarten verzichten k\u00f6nnte.<\/p>\n\n\n\n<p>Der Siegeszug der M\u00e4hroboter ist unaufhaltsam. Auf das l\u00e4stige Rasenm\u00e4hen wollen viele verzichten. Eine Wiese, w\u00e4re zwar eine Alternative, aber die einfachere Variante ist f\u00fcr viele Gartenbesitzer der M\u00e4hroboter. Jedoch haben diese (bisher noch) einen sehr gro\u00dfen Nachteil: sie werden zur t\u00f6dlichen Falle f\u00fcr Igel. Vor allem, wenn sie in der D\u00e4mmerung oder nachts zum H\u00e4ckseln auf den Rasen geschickt werden. Tiersch\u00fctzer setzten sich bereits bei den Herstellern daf\u00fcr ein, dass hier eine feiner eingestellte Sensorik zum Einsatz kommt, die den Igel nicht mehr mit einer Rasenkante verwechselt. Igelhilfen singen derzeit ein Lied von vielen verletzten Tierchen, die angeliefert werden. Abgeschnittene Beinchen werden zur t\u00f6dlichen Verletzung. Meist ziehen sich die verletzten Tiere in einen Unterschlupf zur\u00fcck und verenden dann j\u00e4mmerlich. Neben der Todesfalle Autostra\u00dfe lauert die Gefahr nun auch noch im Garten. Findet man ein verletztes Tier kann man sich z. B. an die Igelhilfe \u201eIgelnest\u201c in Mannheim wenden.<\/p>\n\n\n\n<p>Bis die M\u00e4hroboter-Hersteller die Sensorik endlich weiterentwickelt haben gilt: Wenn schon M\u00e4hroboter, dann nur am Tag! Besitzer von M\u00e4hroboter k\u00f6nnen diese mit sogenannten Apfelsch\u00fcrzen sicherer machen: in Form eines Streifens festen Gummis mit doppelseitigem Klebeband k\u00f6nnen diese am bereits gekauften Roboter festgeklebt werden<\/p>\n\n\n\n<figure class=\"wp-block-image size-large\"><img loading=\"lazy\" decoding=\"async\" width=\"480\" height=\"319\" src=\"https:\/\/www.nabu-lampertheim.de\/wp-content\/uploads\/2022\/08\/Igel-2.png\" alt=\"\" class=\"wp-image-825\" srcset=\"https:\/\/www.nabu-lampertheim.de\/wp-content\/uploads\/2022\/08\/Igel-2.png 480w, https:\/\/www.nabu-lampertheim.de\/wp-content\/uploads\/2022\/08\/Igel-2-300x199.png 300w\" sizes=\"auto, (max-width: 480px) 100vw, 480px\" \/><\/figure>\n","protected":false},"excerpt":{"rendered":"<p>Schulgarten Litauisches Gymnasium Lampertheim-H\u00fcttenfeld Mit 1.000 Euro F\u00f6rdersumme von der Bundesstelle NABU in Berlin wurde im Fr\u00fchjahr 2018 im Rahmen des &#8222;G\u00f6nn-Dir-Garten&#8220;-Projekts der Schulgarten im Litauischen Gymnasium in Lampertheim-H\u00fcttenfeld gestartet. In Zusammenarbeit mit der damaligender Direktorin Janina Vaitkiene,&#8230; <a class=\"read-more\" href=\"https:\/\/www.nabu-lampertheim.de\/?page_id=928\">Mehr erfahren<\/a><\/p>\n","protected":false},"author":1,"featured_media":0,"parent":0,"menu_order":0,"comment_status":"closed","ping_status":"closed","template":"","meta":{"footnotes":""},"class_list":["post-928","page","type-page","status-publish","hentry","no-comments"],"_links":{"self":[{"href":"https:\/\/www.nabu-lampertheim.de\/index.php?rest_route=\/wp\/v2\/pages\/928","targetHints":{"allow":["GET"]}}],"collection":[{"href":"https:\/\/www.nabu-lampertheim.de\/index.php?rest_route=\/wp\/v2\/pages"}],"about":[{"href":"https:\/\/www.nabu-lampertheim.de\/index.php?rest_route=\/wp\/v2\/types\/page"}],"author":[{"embeddable":true,"href":"https:\/\/www.nabu-lampertheim.de\/index.php?rest_route=\/wp\/v2\/users\/1"}],"replies":[{"embeddable":true,"href":"https:\/\/www.nabu-lampertheim.de\/index.php?rest_route=%2Fwp%2Fv2%2Fcomments&post=928"}],"version-history":[{"count":4,"href":"https:\/\/www.nabu-lampertheim.de\/index.php?rest_route=\/wp\/v2\/pages\/928\/revisions"}],"predecessor-version":[{"id":934,"href":"https:\/\/www.nabu-lampertheim.de\/index.php?rest_route=\/wp\/v2\/pages\/928\/revisions\/934"}],"wp:attachment":[{"href":"https:\/\/www.nabu-lampertheim.de\/index.php?rest_route=%2Fwp%2Fv2%2Fmedia&parent=928"}],"curies":[{"name":"wp","href":"https:\/\/api.w.org\/{rel}","templated":true}]}}